{"id":731,"date":"2024-08-13T04:53:29","date_gmt":"2024-08-13T04:53:29","guid":{"rendered":"https:\/\/carimex.net\/?page_id=731"},"modified":"2024-10-13T19:22:10","modified_gmt":"2024-10-13T19:22:10","slug":"impressum","status":"publish","type":"page","link":"https:\/\/carimex.net\/en\/impressum\/","title":{"rendered":"imprint"},"content":{"rendered":"<div data-elementor-type=\"wp-page\" data-elementor-id=\"731\" class=\"elementor elementor-731\" data-elementor-post-type=\"page\">\n\t\t\t\t<div class=\"elementor-element elementor-element-392ab26 e-flex e-con-boxed e-con e-parent\" data-id=\"392ab26\" data-element_type=\"container\" data-settings=\"{&quot;jet_parallax_layout_list&quot;:[]}\">\n\t\t\t\t\t<div class=\"e-con-inner\">\n\t\t\t\t<div class=\"elementor-element elementor-element-61aae60 elementor-widget elementor-widget-heading\" data-id=\"61aae60\" data-element_type=\"widget\" data-widget_type=\"heading.default\">\n\t\t\t\t<div class=\"elementor-widget-container\">\n\t\t\t<h2 class=\"elementor-heading-title elementor-size-default\">imprint<\/h2>\t\t<\/div>\n\t\t\t\t<\/div>\n\t\t\t\t\t<\/div>\n\t\t\t\t<\/div>\n\t\t<div class=\"elementor-element elementor-element-23dab15 e-flex e-con-boxed e-con e-parent\" data-id=\"23dab15\" data-element_type=\"container\" data-settings=\"{&quot;jet_parallax_layout_list&quot;:[]}\">\n\t\t\t\t\t<div class=\"e-con-inner\">\n\t\t\t\t<div class=\"elementor-element elementor-element-da8f888 elementor-widget elementor-widget-text-editor\" data-id=\"da8f888\" data-element_type=\"widget\" data-widget_type=\"text-editor.default\">\n\t\t\t\t<div class=\"elementor-widget-container\">\n\t\t\t\t\t\t\t<p><b style=\"text-align: var(--text-align); color: var( --e-global-color-text ); font-family: var( --e-global-typography-text-font-family ), Sans-serif; font-size: var( --e-global-typography-text-font-size ); letter-spacing: var( --e-global-typography-text-letter-spacing ); text-transform: var( --e-global-typography-text-text-transform );\">Carimex Handel mit Kraftfahrzeugteilen GmbH &amp; Co. KG<\/b><\/p>\n<p><b style=\"text-align: var(--text-align); color: var( --e-global-color-text ); font-family: var( --e-global-typography-text-font-family ), Sans-serif; font-size: var( --e-global-typography-text-font-size ); letter-spacing: var( --e-global-typography-text-letter-spacing ); text-transform: var( --e-global-typography-text-text-transform );\"><br><\/b><\/p>\n<p><b>Vertretungsberechtigte Gesch\u00e4ftsf\u00fchrer<\/b>:&nbsp;<br>H.-J. Nientimp, M.-T. Nientimp<o:p><\/o:p><\/p>\n<p><u>Adresse<\/u><br>Robert-Bosch-Strasse 42<o:p><\/o:p><\/p>\n<p>46397 Bocholt<\/p>\n<p><u>Contact<\/u><o:p><\/o:p><\/p>\n<p>Telefon: +49 2861 \/ 9 30 70<o:p><\/o:p><\/p>\n<p>E-Mail: info(at)carimex.net<o:p><\/o:p><\/p>\n<p><o:p>&nbsp;<\/o:p><\/p>\n<p><b>Registereintrag<\/b>:<o:p><\/o:p><\/p>\n<p>Handelsregister:&nbsp;HRB 4746 <br>Registergericht:&nbsp;Coesfeld<o:p><\/o:p><\/p>\n<p>Umsatzsteuer-ID gem\u00e4\u00df \u00a7 27a Umsatzsteuergesetz:&nbsp;DE124169635<o:p><\/o:p><\/p><p><br><\/p>\n<p><b>Dispute resolution<o:p><\/o:p><\/b><\/p>\n<p>Wir sind nicht bereit oder verpflichtet, an<br>\nStreitbeilegungsverfahren vor einer Verbraucherschlichtungsstelle teilzunehmen.<b><o:p><\/o:p><\/b><\/p>\t\t\t\t\t\t<\/div>\n\t\t\t\t<\/div>\n\t\t\t\t\t<\/div>\n\t\t\t\t<\/div>\n\t\t\t\t<\/div>","protected":false},"excerpt":{"rendered":"<p>Impressum Carimex Handel mit Kraftfahrzeugteilen GmbH &amp; Co. KG Vertretungsberechtigte Gesch\u00e4ftsf\u00fchrer:&nbsp;H.-J. Nientimp, M.-T. Nientimp AdresseRobert-Bosch-Stra\u00dfe 42 46397 Bocholt Kontakt Telefon: +49 2861 \/ 9 30 70 E-Mail: info(at)carimex.net &nbsp; Registereintrag: Handelsregister:&nbsp;HRB 4746 Registergericht:&nbsp;Coesfeld Umsatzsteuer-ID gem\u00e4\u00df \u00a7 27a Umsatzsteuergesetz:&nbsp;DE124169635 Streitbeilegung Wir sind nicht bereit oder verpflichtet, an Streitbeilegungsverfahren vor einer Verbraucherschlichtungsstelle teilzunehmen.<\/p>","protected":false},"author":1,"featured_media":0,"parent":0,"menu_order":0,"comment_status":"closed","ping_status":"closed","template":"","meta":{"footnotes":""},"class_list":["post-731","page","type-page","status-publish","hentry"],"_links":{"self":[{"href":"https:\/\/carimex.net\/en\/wp-json\/wp\/v2\/pages\/731","targetHints":{"allow":["GET"]}}],"collection":[{"href":"https:\/\/carimex.net\/en\/wp-json\/wp\/v2\/pages"}],"about":[{"href":"https:\/\/carimex.net\/en\/wp-json\/wp\/v2\/types\/page"}],"author":[{"embeddable":true,"href":"https:\/\/carimex.net\/en\/wp-json\/wp\/v2\/users\/1"}],"replies":[{"embeddable":true,"href":"https:\/\/carimex.net\/en\/wp-json\/wp\/v2\/comments?post=731"}],"version-history":[{"count":7,"href":"https:\/\/carimex.net\/en\/wp-json\/wp\/v2\/pages\/731\/revisions"}],"predecessor-version":[{"id":1055,"href":"https:\/\/carimex.net\/en\/wp-json\/wp\/v2\/pages\/731\/revisions\/1055"}],"wp:attachment":[{"href":"https:\/\/carimex.net\/en\/wp-json\/wp\/v2\/media?parent=731"}],"curies":[{"name":"wp","href":"https:\/\/api.w.org\/{rel}","templated":true}]}}